{"id":1471,"date":"2025-07-20T23:35:39","date_gmt":"2025-07-20T23:35:39","guid":{"rendered":"https:\/\/culturaysabor.com\/?page_id=1471"},"modified":"2025-07-20T23:50:46","modified_gmt":"2025-07-20T23:50:46","slug":"politica-de-cookies","status":"publish","type":"page","link":"https:\/\/culturaysabor.com\/index.php\/politica-de-cookies\/","title":{"rendered":"Pol\u00edtica de Cookies"},"content":{"rendered":"\t\t<div data-elementor-type=\"wp-page\" data-elementor-id=\"1471\" class=\"elementor elementor-1471\">\n\t\t\t\t<div class=\"elementor-element elementor-element-76becb1 e-flex e-con-boxed e-con e-parent\" data-id=\"76becb1\" data-element_type=\"container\">\n\t\t\t\t\t<div class=\"e-con-inner\">\n\t\t\t\t<div class=\"elementor-element elementor-element-d36c10c elementor-widget elementor-widget-text-editor\" data-id=\"d36c10c\" data-element_type=\"widget\" data-widget_type=\"text-editor.default\">\n\t\t\t\t\t\t\t\t\t<h3 data-start=\"3243\" data-end=\"3270\"><strong data-start=\"3247\" data-end=\"3270\">Pol\u00edtica de Cookies <\/strong>01\/01\/2025<\/h3><p data-start=\"3313\" data-end=\"3458\">Este sitio utiliza cookies para mejorar tu experiencia de navegaci\u00f3n. Al continuar navegando, aceptas el uso de cookies conforme a esta pol\u00edtica.<\/p><h3 data-start=\"3460\" data-end=\"3488\">1. \u00bfQu\u00e9 son las cookies?<\/h3><p data-start=\"3489\" data-end=\"3659\">Peque\u00f1os archivos de texto que se almacenan en tu dispositivo cuando visitas un sitio web. Nos ayudan a reconocer tu navegador, personalizar contenido y analizar tr\u00e1fico.<\/p><h3 data-start=\"3661\" data-end=\"3696\">2. Tipos de cookies que usamos:<\/h3><ul data-start=\"3697\" data-end=\"3898\"><li data-start=\"3697\" data-end=\"3763\"><p data-start=\"3699\" data-end=\"3763\">Cookies esenciales: necesarias para el funcionamiento del sitio.<\/p><\/li><li data-start=\"3764\" data-end=\"3843\"><p data-start=\"3766\" data-end=\"3843\">Cookies anal\u00edticas: para entender c\u00f3mo los usuarios interact\u00faan con el sitio.<\/p><\/li><li data-start=\"3844\" data-end=\"3898\"><p data-start=\"3846\" data-end=\"3898\">Cookies de marketing: si usamos publicidad dirigida.<\/p><\/li><\/ul><h3 data-start=\"3900\" data-end=\"3933\">3. \u00bfC\u00f3mo puedes controlarlas?<\/h3><p data-start=\"3934\" data-end=\"4075\">Puedes borrar o desactivar cookies desde la configuraci\u00f3n de tu navegador. Ten en cuenta que esto podr\u00eda afectar el funcionamiento del sitio.<\/p>\t\t\t\t\t\t\t\t<\/div>\n\t\t\t\t\t<\/div>\n\t\t\t\t<\/div>\n\t\t<div class=\"elementor-element elementor-element-c72cd71 e-flex e-con-boxed e-con e-parent\" data-id=\"c72cd71\" data-element_type=\"container\">\n\t\t\t\t\t<div class=\"e-con-inner\">\n\t\t\t\t<div class=\"elementor-element elementor-element-81e719e elementor-widget elementor-widget-text-editor\" data-id=\"81e719e\" data-element_type=\"widget\" data-widget_type=\"text-editor.default\">\n\t\t\t\t\t\t\t\t\t<p>Lorem ipsum dolor sit amet, consectetur adipiscing elit. Ut elit tellus, luctus nec ullamcorper mattis, pulvinar dapibus leo.<\/p>\t\t\t\t\t\t\t\t<\/div>\n\t\t\t\t\t<\/div>\n\t\t\t\t<\/div>\n\t\t\t\t<\/div>\n\t\t","protected":false},"excerpt":{"rendered":"<p>Pol\u00edtica de Cookies 01\/01\/2025 Este sitio utiliza cookies para mejorar tu experiencia de navegaci\u00f3n. Al continuar navegando, aceptas el uso de cookies conforme a esta pol\u00edtica. 1. \u00bfQu\u00e9 son las cookies? Peque\u00f1os archivos de texto que se almacenan en tu dispositivo cuando visitas un sitio web. Nos ayudan a reconocer tu navegador, personalizar contenido y [&hellip;]<\/p>\n","protected":false},"author":1,"featured_media":0,"parent":0,"menu_order":0,"comment_status":"closed","ping_status":"closed","template":"","meta":{"footnotes":""},"class_list":["post-1471","page","type-page","status-publish","hentry"],"jetpack_sharing_enabled":true,"_links":{"self":[{"href":"https:\/\/culturaysabor.com\/index.php\/wp-json\/wp\/v2\/pages\/1471","targetHints":{"allow":["GET"]}}],"collection":[{"href":"https:\/\/culturaysabor.com\/index.php\/wp-json\/wp\/v2\/pages"}],"about":[{"href":"https:\/\/culturaysabor.com\/index.php\/wp-json\/wp\/v2\/types\/page"}],"author":[{"embeddable":true,"href":"https:\/\/culturaysabor.com\/index.php\/wp-json\/wp\/v2\/users\/1"}],"replies":[{"embeddable":true,"href":"https:\/\/culturaysabor.com\/index.php\/wp-json\/wp\/v2\/comments?post=1471"}],"version-history":[{"count":7,"href":"https:\/\/culturaysabor.com\/index.php\/wp-json\/wp\/v2\/pages\/1471\/revisions"}],"predecessor-version":[{"id":1493,"href":"https:\/\/culturaysabor.com\/index.php\/wp-json\/wp\/v2\/pages\/1471\/revisions\/1493"}],"wp:attachment":[{"href":"https:\/\/culturaysabor.com\/index.php\/wp-json\/wp\/v2\/media?parent=1471"}],"curies":[{"name":"wp","href":"https:\/\/api.w.org\/{rel}","templated":true}]}}