{"id":1465,"date":"2025-07-20T23:32:17","date_gmt":"2025-07-20T23:32:17","guid":{"rendered":"https:\/\/culturaysabor.com\/?page_id=1465"},"modified":"2025-07-20T23:49:18","modified_gmt":"2025-07-20T23:49:18","slug":"terminos-y-condiciones-de-uso","status":"publish","type":"page","link":"https:\/\/culturaysabor.com\/index.php\/terminos-y-condiciones-de-uso\/","title":{"rendered":"T\u00e9rminos y Condiciones de Uso"},"content":{"rendered":"\t\t<div data-elementor-type=\"wp-page\" data-elementor-id=\"1465\" class=\"elementor elementor-1465\">\n\t\t\t\t<div class=\"elementor-element elementor-element-567a90f e-flex e-con-boxed e-con e-parent\" data-id=\"567a90f\" data-element_type=\"container\">\n\t\t\t\t\t<div class=\"e-con-inner\">\n\t\t\t\t<div class=\"elementor-element elementor-element-31d969e elementor-widget elementor-widget-text-editor\" data-id=\"31d969e\" data-element_type=\"widget\" data-widget_type=\"text-editor.default\">\n\t\t\t\t\t\t\t\t\t<h3 data-start=\"1847\" data-end=\"1877\"><strong data-start=\"1851\" data-end=\"1877\">T\u00e9rminos y Condiciones <\/strong>01\/01\/2025<\/h3><p data-start=\"1920\" data-end=\"2095\">Bienvenido a <strong data-start=\"1933\" data-end=\"1952\">Cultura y Sabor<\/strong>. Al acceder y utilizar nuestro sitio web, aceptas los siguientes t\u00e9rminos y condiciones. Si no est\u00e1s de acuerdo, por favor no uses este sitio.<\/p><h3 data-start=\"2097\" data-end=\"2118\">1. Uso del sitio:<\/h3><p data-start=\"2119\" data-end=\"2327\">Este sitio es una gu\u00eda para promocionar restaurantes y negocios de comida latina en Orlando y Kissimmee. El contenido es solo informativo y no constituye recomendaciones profesionales ni garant\u00edas de calidad.<\/p><h3 data-start=\"2329\" data-end=\"2357\">2. Registro de negocios:<\/h3><p data-start=\"2358\" data-end=\"2580\">Al registrar tu restaurante en Cultura y Sabor, aceptas proporcionar informaci\u00f3n veraz y mantenerla actualizada. Nos reservamos el derecho de rechazar o eliminar listados que no cumplan con nuestros est\u00e1ndares o pol\u00edticas.<\/p><h3 data-start=\"2582\" data-end=\"2611\">3. Propiedad intelectual:<\/h3><p data-start=\"2612\" data-end=\"2807\">Todos los textos, dise\u00f1os, logotipos, im\u00e1genes y contenidos del sitio son propiedad de Cultura y Sabor o se usan con licencia. No puedes copiar, distribuir ni reutilizar sin autorizaci\u00f3n escrita.<\/p><h3 data-start=\"2809\" data-end=\"2848\">4. Contenido generado por usuarios:<\/h3><p data-start=\"2849\" data-end=\"3023\">Los comentarios, rese\u00f1as o testimonios enviados por usuarios pueden ser usados con fines promocionales. Nos reservamos el derecho de moderar o eliminar contenido inapropiado.<\/p><h3 data-start=\"3025\" data-end=\"3062\">5. Limitaci\u00f3n de responsabilidad:<\/h3><p data-start=\"3063\" data-end=\"3203\">No nos hacemos responsables por errores en la informaci\u00f3n publicada ni por la experiencia directa del usuario con los restaurantes listados.<\/p>\t\t\t\t\t\t\t\t<\/div>\n\t\t\t\t\t<\/div>\n\t\t\t\t<\/div>\n\t\t\t\t<\/div>\n\t\t","protected":false},"excerpt":{"rendered":"<p>T\u00e9rminos y Condiciones 01\/01\/2025 Bienvenido a Cultura y Sabor. Al acceder y utilizar nuestro sitio web, aceptas los siguientes t\u00e9rminos y condiciones. Si no est\u00e1s de acuerdo, por favor no uses este sitio. 1. Uso del sitio: Este sitio es una gu\u00eda para promocionar restaurantes y negocios de comida latina en Orlando y Kissimmee. El [&hellip;]<\/p>\n","protected":false},"author":1,"featured_media":0,"parent":0,"menu_order":0,"comment_status":"closed","ping_status":"closed","template":"","meta":{"footnotes":""},"class_list":["post-1465","page","type-page","status-publish","hentry"],"jetpack_sharing_enabled":true,"_links":{"self":[{"href":"https:\/\/culturaysabor.com\/index.php\/wp-json\/wp\/v2\/pages\/1465","targetHints":{"allow":["GET"]}}],"collection":[{"href":"https:\/\/culturaysabor.com\/index.php\/wp-json\/wp\/v2\/pages"}],"about":[{"href":"https:\/\/culturaysabor.com\/index.php\/wp-json\/wp\/v2\/types\/page"}],"author":[{"embeddable":true,"href":"https:\/\/culturaysabor.com\/index.php\/wp-json\/wp\/v2\/users\/1"}],"replies":[{"embeddable":true,"href":"https:\/\/culturaysabor.com\/index.php\/wp-json\/wp\/v2\/comments?post=1465"}],"version-history":[{"count":8,"href":"https:\/\/culturaysabor.com\/index.php\/wp-json\/wp\/v2\/pages\/1465\/revisions"}],"predecessor-version":[{"id":1490,"href":"https:\/\/culturaysabor.com\/index.php\/wp-json\/wp\/v2\/pages\/1465\/revisions\/1490"}],"wp:attachment":[{"href":"https:\/\/culturaysabor.com\/index.php\/wp-json\/wp\/v2\/media?parent=1465"}],"curies":[{"name":"wp","href":"https:\/\/api.w.org\/{rel}","templated":true}]}}